{"id":18,"date":"2025-05-15T12:25:54","date_gmt":"2025-05-15T12:25:54","guid":{"rendered":"https:\/\/wallnas.mathinic.site\/?page_id=18"},"modified":"2025-05-15T18:15:52","modified_gmt":"2025-05-15T18:15:52","slug":"historik-och-utveckling","status":"publish","type":"page","link":"https:\/\/wallnas.mathinic.site\/pl_pl\/om-foretaget\/historik-och-utveckling\/","title":{"rendered":"Historia i rozw\u00f3j"},"content":{"rendered":"<p>[et_pb_section fb_built=&#8221;1&#8243; _builder_version=&#8221;4.27.4&#8243; _module_preset=&#8221;default&#8221; global_colors_info=&#8221;{}&#8221;][et_pb_row column_structure=&#8221;1_4,3_4&#8243; _builder_version=&#8221;4.27.4&#8243; _module_preset=&#8221;default&#8221; global_colors_info=&#8221;{}&#8221;][et_pb_column type=&#8221;1_4&#8243; _builder_version=&#8221;4.27.4&#8243; _module_preset=&#8221;default&#8221; global_colors_info=&#8221;{}&#8221;][et_pb_sidebar show_border=&#8221;off&#8221; _builder_version=&#8221;4.27.4&#8243; _module_preset=&#8221;default&#8221; header_font=&#8221;|700|||||||&#8221; body_font=&#8221;|700|||||||&#8221; body_text_color=&#8221;#000000&#8243; body_line_height=&#8221;2.5em&#8221; global_colors_info=&#8221;{}&#8221; body_text_color__hover_enabled=&#8221;on|hover&#8221; body_text_color__hover=&#8221;#1b72ac&#8221;][\/et_pb_sidebar][\/et_pb_column][et_pb_column type=&#8221;3_4&#8243; _builder_version=&#8221;4.27.4&#8243; _module_preset=&#8221;default&#8221; global_colors_info=&#8221;{}&#8221;][et_pb_text _builder_version=&#8221;4.27.4&#8243; _module_preset=&#8221;default&#8221; hover_enabled=&#8221;0&#8243; global_colors_info=&#8221;{}&#8221; sticky_enabled=&#8221;0&#8243;]<\/p>\n<h2><strong><img loading=\"lazy\" decoding=\"async\" src=\"https:\/\/wallnas.mathinic.site\/wp-content\/uploads\/2025\/05\/bild_grundare.jpg\" width=\"227\" height=\"340\" alt=\"\" class=\"wp-image-208 alignright size-full\" srcset=\"https:\/\/wallnas.mathinic.site\/wp-content\/uploads\/2025\/05\/bild_grundare.jpg 201w, https:\/\/wallnas.mathinic.site\/wp-content\/uploads\/2025\/05\/bild_grundare-8x12.jpg 8w\" sizes=\"(max-width: 227px) 100vw, 227px\" \/>Historia i rozw\u00f3j<\/strong><\/h2>\n<h4>Powstanie Walln\u00e4s AB<\/h4>\n<p>Wschodnia cz\u0119\u015b\u0107 smalandzkiej wy\u017cyny oraz okr\u0119g Vimmerby s\u0105 znane z wysokiej jako\u015bci drewna, zar\u00f3wno sosny jak i \u015bwierku. Tutaj  ponad 120 lat temu  stworzono podwaliny Walln\u00e4s AB.<\/p>\n<p>Przedsi\u0119biorstwo  stworzy\u0142  pose\u0142  na sejm Axel Fagerholm (patrz zdj\u0119cie z prawej) urodzony w Vimmerby w roku 1844. W roku 1876 naby\u0142 on  hut\u0119 szk\u0142a\nVentzelholm  wraz z przynale\u017cnymi terenami le\u015bnymi o obszarze oko\u0142o 1000 ha.  Jego g\u0142\u00f3wnym zainteresowaniem by\u0142a gospodarka le\u015bna, w wyniku czego naby\u0142 kilka gospodarstw rolnych oraz las\u00f3w.<\/p>\n<p>W roku 1884 kupi\u0142  Walln\u00e4s  gdzie zarz\u0105dzi\u0142 budow\u0119 g\u0142\u00f3wnego budynku  w kt\u00f3rym mie\u015bci\u0142y si\u0119 mieszkanie oraz biuro. Spo\u015br\u00f3d wi\u0119kszych gospodarstw  rolnych, kt\u00f3re naby\u0142  mo\u017cna wymieni\u0107:  Ryssebo 1896, Oppreda 1908 oraz Sk\u00f6gle 1913.<\/p>\n<p>Dnia 1 czerwca 1896  postanowiono stworzy\u0107 regulamin dzia\u0142alno\u015bci przedsi\u0119biorstwa:<\/p>\n<p>\"Przedsi\u0119biorstwo w Valln\u00e4s oraz  Ventzelholm,  w wojew\u00f3dztwie J\u00f6nk\u00f6ping\nma obj\u0105\u0107 nadz\u00f3r nad hut\u0105 szk\u0142a, tartakiem oraz gospodark\u0105 roln\u0105 a tak\u017ce nad inn\u0105 dzia\u0142alno\u015bci\u0105 zwi\u0105zan\u0105 z zarz\u0105dzaniem oraz kupnem posiad\u0142o\u015bci. Firma ma sw\u0105 siedzib\u0119 w  Valln\u00e4s. Zgodnie  z aktem kupna w sk\u0142ad inwentarza tartaku wesz\u0142y dwie pi\u0142y wodne oraz cztery pi\u0142y parowe.\"<\/p>\n<h4><strong>Dalszy rozw\u00f3j<\/strong><\/h4>\n<p>Dopiero w roku 1913, gdy dzieci w\u0142a\u015bciciela osi\u0105gn\u0119\u0142y pe\u0142noletnio\u015b\u0107, firma zacz\u0119\u0142a nabiera\u0107 kszta\u0142t\u00f3w. G\u0142\u00f3wn\u0105 cz\u0119\u015b\u0107 maj\u0105tku oraz przedsi\u0119biorstw nale\u017c\u0105cych do A.  Fagerholma  prowadzono w charakterze sp\u00f3\u0142ki.<\/p>\n<p>Glasbruket som ingick i k\u00f6pet av Ventzelholm flyttades 1897 till V\u00e4stervik och lades ner omkring 1919. S\u00e5gverksr\u00f6relsen koncentrerades tidigt till Valln\u00e4s som med egen j\u00e4rnv\u00e4gsstation hade goda utlastningsm\u00f6jligheter.<\/p>\n<p>Efter Axel Fagerholms bortg\u00e5ng 1930 tog hans barn \u00f6ver hela ansvaret f\u00f6r bolaget. Trots sv\u00e5ra tider under 30-talet och ofredstider p\u00e5 40-talet bedrevs verksamheten med framg\u00e5ng.<\/p>\n<p>W roku 1956 zainstalowano now\u0105 pi\u0142\u0119 ramow\u0105. Dzia\u0142alno\u015b\u0107 rolnicz\u0105 zako\u0144czono w roku 1969.<\/p>\n<p>W dniu dzisiejszym  Walln\u00e4s AB jest nowoczesnym przedsi\u0119biorstwem  tartacznym  o technice i zasobach  zapewniaj\u0105cych wysokie wymagania i oczekiwania.  Post\u0119puj\u0105ce inwestycje zapewniaj\u0105 efektywn\u0105 produkcj\u0119 oraz asortyment o dost\u0119pno\u015bci i jako\u015bci  nale\u017c\u0105cych do  bezwzgl\u0119dnie najlepszych  na rynku.<\/p>\n<p>1 stycznia 2019 r. utworzono sp\u00f3\u0142k\u0119 zale\u017cn\u0105 Walln\u00e4s Timber AB (WTAB), w kt\u00f3rej do dzi\u015b dzia\u0142a cz\u0119\u015b\u0107 zajmuj\u0105ca si\u0119 przemys\u0142em tartacznym.<\/p>\n<p>[\/et_pb_text][\/et_pb_column][\/et_pb_row][\/et_pb_section]<\/p>","protected":false},"excerpt":{"rendered":"<p>Historik och utveckling WALLN\u00c4S AB bildas \u00d6stra delen av Sm\u00e5l\u00e4ndska H\u00f6glandet och Vimmerbydistriktet \u00e4r k\u00e4nda f\u00f6r sin h\u00f6ga virkeskvalitet av s\u00e5v\u00e4l fura som gran. H\u00e4r grundades f\u00f6r mer \u00e4n 120 \u00e5r sedan Walln\u00e4s AB. Bolaget bildades av riksdagsman Axel Fagerholm (se bild till h\u00f6ger) f\u00f6dd 1844 i Vimmerby. \u00c5r 1876 f\u00f6rv\u00e4rvade han Ventzelholms glasbruk med [&hellip;]<\/p>","protected":false},"author":1,"featured_media":0,"parent":16,"menu_order":0,"comment_status":"closed","ping_status":"closed","template":"","meta":{"_et_pb_use_builder":"on","_et_pb_old_content":"","_et_gb_content_width":"","footnotes":""},"class_list":["post-18","page","type-page","status-publish","hentry"],"_links":{"self":[{"href":"https:\/\/wallnas.mathinic.site\/pl_pl\/wp-json\/wp\/v2\/pages\/18","targetHints":{"allow":["GET"]}}],"collection":[{"href":"https:\/\/wallnas.mathinic.site\/pl_pl\/wp-json\/wp\/v2\/pages"}],"about":[{"href":"https:\/\/wallnas.mathinic.site\/pl_pl\/wp-json\/wp\/v2\/types\/page"}],"author":[{"embeddable":true,"href":"https:\/\/wallnas.mathinic.site\/pl_pl\/wp-json\/wp\/v2\/users\/1"}],"replies":[{"embeddable":true,"href":"https:\/\/wallnas.mathinic.site\/pl_pl\/wp-json\/wp\/v2\/comments?post=18"}],"version-history":[{"count":4,"href":"https:\/\/wallnas.mathinic.site\/pl_pl\/wp-json\/wp\/v2\/pages\/18\/revisions"}],"predecessor-version":[{"id":270,"href":"https:\/\/wallnas.mathinic.site\/pl_pl\/wp-json\/wp\/v2\/pages\/18\/revisions\/270"}],"up":[{"embeddable":true,"href":"https:\/\/wallnas.mathinic.site\/pl_pl\/wp-json\/wp\/v2\/pages\/16"}],"wp:attachment":[{"href":"https:\/\/wallnas.mathinic.site\/pl_pl\/wp-json\/wp\/v2\/media?parent=18"}],"curies":[{"name":"wp","href":"https:\/\/api.w.org\/{rel}","templated":true}]}}