{"id":6,"date":"2025-05-15T12:23:26","date_gmt":"2025-05-15T12:23:26","guid":{"rendered":"https:\/\/wallnas.mathinic.site\/?page_id=6"},"modified":"2025-05-15T13:42:05","modified_gmt":"2025-05-15T13:42:05","slug":"hem","status":"publish","type":"page","link":"https:\/\/wallnas.mathinic.site\/en_us\/","title":{"rendered":"Home"},"content":{"rendered":"<p>[et_pb_section fb_built=&#8221;1&#8243; _builder_version=&#8221;4.27.4&#8243; _module_preset=&#8221;default&#8221; custom_margin=&#8221;0px||0px||false|false&#8221; custom_padding=&#8221;0px||0px||false|false&#8221; global_colors_info=&#8221;{}&#8221;][et_pb_row _builder_version=&#8221;4.27.4&#8243; _module_preset=&#8221;default&#8221; width=&#8221;100%&#8221; max_width=&#8221;100%&#8221; custom_padding=&#8221;0px||0px||false|false&#8221; global_colors_info=&#8221;{}&#8221;][et_pb_column type=&#8221;4_4&#8243; _builder_version=&#8221;4.27.4&#8243; _module_preset=&#8221;default&#8221; global_colors_info=&#8221;{}&#8221;][et_pb_image src=&#8221;https:\/\/wallnas.mathinic.site\/wp-content\/uploads\/2025\/05\/Wallnas_sv.png&#8221; title_text=&#8221;Wallnas_sv&#8221; _builder_version=&#8221;4.27.4&#8243; _module_preset=&#8221;default&#8221; global_colors_info=&#8221;{}&#8221;][\/et_pb_image][\/et_pb_column][\/et_pb_row][\/et_pb_section][et_pb_section fb_built=&#8221;1&#8243; _builder_version=&#8221;4.27.4&#8243; _module_preset=&#8221;default&#8221; global_colors_info=&#8221;{}&#8221;][et_pb_row column_structure=&#8221;1_3,1_3,1_3&#8243; _builder_version=&#8221;4.27.4&#8243; _module_preset=&#8221;default&#8221; hover_enabled=&#8221;0&#8243; global_colors_info=&#8221;{}&#8221; use_custom_gutter=&#8221;on&#8221; sticky_enabled=&#8221;0&#8243;][et_pb_column type=&#8221;1_3&#8243; _builder_version=&#8221;4.27.4&#8243; _module_preset=&#8221;default&#8221; global_colors_info=&#8221;{}&#8221;][et_pb_blurb title=&#8221;Specialiserad p\u00e5 grova dimensioner&#8221; image=&#8221;https:\/\/wallnas.mathinic.site\/wp-content\/uploads\/2025\/05\/Virkespacke_breda3.jpg&#8221; _builder_version=&#8221;4.27.4&#8243; _module_preset=&#8221;default&#8221; header_font=&#8221;|700|||||||&#8221; header_font_size=&#8221;24px&#8221; header_line_height=&#8221;1.3em&#8221; global_colors_info=&#8221;{}&#8221;]<\/p>\n<p>The majority of our production is geared towards customer orders. The sawmill's range includes sawed and planed spruce and pine timber products of varying dimensions, quality and length.<\/p>\n<p>[\/et_pb_blurb][\/et_pb_column][et_pb_column type=&#8221;1_3&#8243; _builder_version=&#8221;4.27.4&#8243; _module_preset=&#8221;default&#8221; global_colors_info=&#8221;{}&#8221;][et_pb_blurb title=&#8221;R\u00e5vara och f\u00f6r\u00e4dling&#8221; image=&#8221;https:\/\/wallnas.mathinic.site\/wp-content\/uploads\/2025\/05\/Maskin_data1.jpg&#8221; _builder_version=&#8221;4.27.4&#8243; _module_preset=&#8221;default&#8221; header_font=&#8221;|700|||||||&#8221; header_font_size=&#8221;24px&#8221; header_line_height=&#8221;1.3em&#8221; global_colors_info=&#8221;{}&#8221;]<\/p>\n<p>At our sawmill, we specialise in large timber dimensions. Our modern planing mill planes all types of profiles, and our equipment is able to handle dimensions up to 100 x 300 mm.<\/p>\n<p>[\/et_pb_blurb][\/et_pb_column][et_pb_column type=&#8221;1_3&#8243; _builder_version=&#8221;4.27.4&#8243; _module_preset=&#8221;default&#8221; global_colors_info=&#8221;{}&#8221;][et_pb_blurb title=&#8221;\u00c4r det dags att s\u00e4lja skog?&#8221; image=&#8221;https:\/\/wallnas.mathinic.site\/wp-content\/uploads\/2025\/05\/Timmer_start.jpg&#8221; _builder_version=&#8221;4.27.4&#8243; _module_preset=&#8221;default&#8221; header_font=&#8221;|700|||||||&#8221; header_font_size=&#8221;24px&#8221; header_line_height=&#8221;1.3em&#8221; global_colors_info=&#8221;{}&#8221;]<\/p>\n<p>You can always turn to our trustworthy raw-material purchasers. We buy both ready and standing timber and carry out logging on commission.<\/p>\n<p>[\/et_pb_blurb][\/et_pb_column][\/et_pb_row][\/et_pb_section]<\/p>","protected":false},"excerpt":{"rendered":"<p>Huvuddelen av v\u00e5r produktion sorteras mot kundorder. Sortimentet best\u00e5r av s\u00e5gade, hyvlade och fingerskarvade produkter f\u00f6r konstruktions\u00e4ndam\u00e5l i furu och gran och av olika dimensioner, kvaliteter och l\u00e4ngderVi \u00e4r med v\u00e5rt s\u00e5gverk specialiserade p\u00e5 grova och breda virkesdimensioner, och i v\u00e5ra moderna anl\u00e4ggningar fingerskarvar och hyvlar vi de flesta typer av profiler.V\u00e4nd dig med f\u00f6rtroende [&hellip;]<\/p>","protected":false},"author":1,"featured_media":0,"parent":0,"menu_order":0,"comment_status":"closed","ping_status":"closed","template":"","meta":{"_et_pb_use_builder":"on","_et_pb_old_content":"","_et_gb_content_width":"","footnotes":""},"class_list":["post-6","page","type-page","status-publish","hentry"],"_links":{"self":[{"href":"https:\/\/wallnas.mathinic.site\/en_us\/wp-json\/wp\/v2\/pages\/6","targetHints":{"allow":["GET"]}}],"collection":[{"href":"https:\/\/wallnas.mathinic.site\/en_us\/wp-json\/wp\/v2\/pages"}],"about":[{"href":"https:\/\/wallnas.mathinic.site\/en_us\/wp-json\/wp\/v2\/types\/page"}],"author":[{"embeddable":true,"href":"https:\/\/wallnas.mathinic.site\/en_us\/wp-json\/wp\/v2\/users\/1"}],"replies":[{"embeddable":true,"href":"https:\/\/wallnas.mathinic.site\/en_us\/wp-json\/wp\/v2\/comments?post=6"}],"version-history":[{"count":8,"href":"https:\/\/wallnas.mathinic.site\/en_us\/wp-json\/wp\/v2\/pages\/6\/revisions"}],"predecessor-version":[{"id":149,"href":"https:\/\/wallnas.mathinic.site\/en_us\/wp-json\/wp\/v2\/pages\/6\/revisions\/149"}],"wp:attachment":[{"href":"https:\/\/wallnas.mathinic.site\/en_us\/wp-json\/wp\/v2\/media?parent=6"}],"curies":[{"name":"wp","href":"https:\/\/api.w.org\/{rel}","templated":true}]}}