{"id":22,"date":"2025-05-15T12:26:23","date_gmt":"2025-05-15T12:26:23","guid":{"rendered":"https:\/\/wallnas.mathinic.site\/?page_id=22"},"modified":"2025-05-15T18:28:54","modified_gmt":"2025-05-15T18:28:54","slug":"forsaljning-och-ekonomi","status":"publish","type":"page","link":"https:\/\/wallnas.mathinic.site\/en_us\/om-foretaget\/forsaljning-och-ekonomi\/","title":{"rendered":"Sales and Finance"},"content":{"rendered":"<p>[et_pb_section fb_built=&#8221;1&#8243; _builder_version=&#8221;4.27.4&#8243; _module_preset=&#8221;default&#8221; global_colors_info=&#8221;{}&#8221;][et_pb_row column_structure=&#8221;1_4,3_4&#8243; _builder_version=&#8221;4.27.4&#8243; _module_preset=&#8221;default&#8221; global_colors_info=&#8221;{}&#8221;][et_pb_column type=&#8221;1_4&#8243; _builder_version=&#8221;4.27.4&#8243; _module_preset=&#8221;default&#8221; global_colors_info=&#8221;{}&#8221;][et_pb_sidebar show_border=&#8221;off&#8221; _builder_version=&#8221;4.27.4&#8243; _module_preset=&#8221;default&#8221; header_font=&#8221;|700|||||||&#8221; body_font=&#8221;|700|||||||&#8221; body_text_color=&#8221;#000000&#8243; body_line_height=&#8221;2.5em&#8221; global_colors_info=&#8221;{}&#8221; body_text_color__hover_enabled=&#8221;on|hover&#8221; body_text_color__hover=&#8221;#1b72ac&#8221;][\/et_pb_sidebar][\/et_pb_column][et_pb_column type=&#8221;3_4&#8243; _builder_version=&#8221;4.27.4&#8243; _module_preset=&#8221;default&#8221; global_colors_info=&#8221;{}&#8221;][et_pb_image src=&#8221;https:\/\/wallnas.mathinic.site\/wp-content\/uploads\/2025\/05\/virkeshog_packat.jpg&#8221; title_text=&#8221;virkeshog_packat&#8221; _builder_version=&#8221;4.27.4&#8243; _module_preset=&#8221;default&#8221; global_colors_info=&#8221;{}&#8221;][\/et_pb_image][et_pb_text _builder_version=&#8221;4.27.4&#8243; _module_preset=&#8221;default&#8221; custom_css_free_form=&#8221;.wp-image-217 {||  border:1px solid #000000;||}&#8221; global_colors_info=&#8221;{}&#8221;]<\/p>\n<h1><img loading=\"lazy\" decoding=\"async\" src=\"https:\/\/wallnas.mathinic.site\/wp-content\/uploads\/2025\/05\/AAA_2015.jpg\" width=\"434\" height=\"614\" alt=\"\" class=\"wp-image-217 alignright size-full\" \/><strong>Sales and Finance<\/strong><\/h1>\n<p>Walln\u00e4s AB has approximately 300 customers, with the majority of the customer portfolio being built on long-term business relationships.<\/p>\n<p>Around 90 per cent of the company's total production goes to export.<\/p>\n<p>Walln\u00e4s AB has a AAA credit rating<\/p>\n<p><img loading=\"lazy\" decoding=\"async\" src=\"https:\/\/wallnas.mathinic.site\/wp-content\/uploads\/2025\/05\/AAA_soliditet_logo.png\" width=\"140\" height=\"63\" alt=\"\" class=\"wp-image-216 alignnone size-full\" srcset=\"https:\/\/wallnas.mathinic.site\/wp-content\/uploads\/2025\/05\/AAA_soliditet_logo.png 140w, https:\/\/wallnas.mathinic.site\/wp-content\/uploads\/2025\/05\/AAA_soliditet_logo-18x8.png 18w\" sizes=\"(max-width: 140px) 100vw, 140px\" \/><\/p>\n<p>[\/et_pb_text][\/et_pb_column][\/et_pb_row][\/et_pb_section]<\/p>","protected":false},"excerpt":{"rendered":"<p>F\u00f6rs\u00e4ljning och Ekonomi Walln\u00e4s Timber AB har ca\u00a0300 kunder\u00a0varav st\u00f6rsta delen av kundportf\u00f6ljen \u00e4r uppbyggd genom m\u00e5ng\u00e5riga aff\u00e4rsrelationer. Av bolagets totala produktion s\u00e4ljs ca 90 procent p\u00e5 export. Walln\u00e4skoncernen har en klassad soliditet AAA.<\/p>","protected":false},"author":1,"featured_media":0,"parent":16,"menu_order":0,"comment_status":"closed","ping_status":"closed","template":"","meta":{"_et_pb_use_builder":"on","_et_pb_old_content":"","_et_gb_content_width":"","footnotes":""},"class_list":["post-22","page","type-page","status-publish","hentry"],"_links":{"self":[{"href":"https:\/\/wallnas.mathinic.site\/en_us\/wp-json\/wp\/v2\/pages\/22","targetHints":{"allow":["GET"]}}],"collection":[{"href":"https:\/\/wallnas.mathinic.site\/en_us\/wp-json\/wp\/v2\/pages"}],"about":[{"href":"https:\/\/wallnas.mathinic.site\/en_us\/wp-json\/wp\/v2\/types\/page"}],"author":[{"embeddable":true,"href":"https:\/\/wallnas.mathinic.site\/en_us\/wp-json\/wp\/v2\/users\/1"}],"replies":[{"embeddable":true,"href":"https:\/\/wallnas.mathinic.site\/en_us\/wp-json\/wp\/v2\/comments?post=22"}],"version-history":[{"count":8,"href":"https:\/\/wallnas.mathinic.site\/en_us\/wp-json\/wp\/v2\/pages\/22\/revisions"}],"predecessor-version":[{"id":272,"href":"https:\/\/wallnas.mathinic.site\/en_us\/wp-json\/wp\/v2\/pages\/22\/revisions\/272"}],"up":[{"embeddable":true,"href":"https:\/\/wallnas.mathinic.site\/en_us\/wp-json\/wp\/v2\/pages\/16"}],"wp:attachment":[{"href":"https:\/\/wallnas.mathinic.site\/en_us\/wp-json\/wp\/v2\/media?parent=22"}],"curies":[{"name":"wp","href":"https:\/\/api.w.org\/{rel}","templated":true}]}}