{"id":18,"date":"2025-05-15T12:25:54","date_gmt":"2025-05-15T12:25:54","guid":{"rendered":"https:\/\/wallnas.mathinic.site\/?page_id=18"},"modified":"2025-05-15T18:15:52","modified_gmt":"2025-05-15T18:15:52","slug":"historik-och-utveckling","status":"publish","type":"page","link":"https:\/\/wallnas.mathinic.site\/en_us\/om-foretaget\/historik-och-utveckling\/","title":{"rendered":"History and development"},"content":{"rendered":"<p>[et_pb_section fb_built=&#8221;1&#8243; _builder_version=&#8221;4.27.4&#8243; _module_preset=&#8221;default&#8221; global_colors_info=&#8221;{}&#8221;][et_pb_row column_structure=&#8221;1_4,3_4&#8243; _builder_version=&#8221;4.27.4&#8243; _module_preset=&#8221;default&#8221; global_colors_info=&#8221;{}&#8221;][et_pb_column type=&#8221;1_4&#8243; _builder_version=&#8221;4.27.4&#8243; _module_preset=&#8221;default&#8221; global_colors_info=&#8221;{}&#8221;][et_pb_sidebar show_border=&#8221;off&#8221; _builder_version=&#8221;4.27.4&#8243; _module_preset=&#8221;default&#8221; header_font=&#8221;|700|||||||&#8221; body_font=&#8221;|700|||||||&#8221; body_text_color=&#8221;#000000&#8243; body_line_height=&#8221;2.5em&#8221; global_colors_info=&#8221;{}&#8221; body_text_color__hover_enabled=&#8221;on|hover&#8221; body_text_color__hover=&#8221;#1b72ac&#8221;][\/et_pb_sidebar][\/et_pb_column][et_pb_column type=&#8221;3_4&#8243; _builder_version=&#8221;4.27.4&#8243; _module_preset=&#8221;default&#8221; global_colors_info=&#8221;{}&#8221;][et_pb_text _builder_version=&#8221;4.27.4&#8243; _module_preset=&#8221;default&#8221; hover_enabled=&#8221;0&#8243; global_colors_info=&#8221;{}&#8221; sticky_enabled=&#8221;0&#8243;]<\/p>\n<h2><strong><img loading=\"lazy\" decoding=\"async\" src=\"https:\/\/wallnas.mathinic.site\/wp-content\/uploads\/2025\/05\/bild_grundare.jpg\" width=\"227\" height=\"340\" alt=\"\" class=\"wp-image-208 alignright size-full\" srcset=\"https:\/\/wallnas.mathinic.site\/wp-content\/uploads\/2025\/05\/bild_grundare.jpg 201w, https:\/\/wallnas.mathinic.site\/wp-content\/uploads\/2025\/05\/bild_grundare-8x12.jpg 8w\" sizes=\"(max-width: 227px) 100vw, 227px\" \/>History and development<\/strong><\/h2>\n<h4>THE FOUNDATION OF WALLN\u00c4S AB<\/h4>\n<p>The eastern region of the Sm\u00e5land highlands and the Vimmerby area are famous for their excellent quality pine and spruce. This is where Walln\u00e4s AB was founded almost 120 years ago.<\/p>\n<p>The company was founded by parliamentarian Axel Fagerholm, who was born in Vimmerby in 1844 (see picture to the right). In 1876, he acquired the Ventzelholm glassworks complete with its forest estate of around 1,000 hectares. Forestry became his biggest interest in life and he went on to buy several forest and agricultural estates.<\/p>\n<p>In 1884, he purchased Valln\u00e4s, where he built a manor house to serve as both home and office. Amongst the lager estates he later acquired were Ryssebo 1896, Oppreda 1908 and Sk\u00f6gle 1913.<\/p>\n<p>On 1 June 1896, the articles of association were adopted, stating:<\/p>\n<p>\u201cThe purpose of the company is to operate a glasswork, sawmill and agriculture operation in Valln\u00e4s and Ventzelholm, J\u00f6nk\u00f6ping County along with other activities related thereto, including  the lease and purchase of property. The company shall have its seat in Valln\u00e4s\u201d. According to the deed of purchase, sawmill equipment was included consisting of two water-powered and four steam-driven saws.<\/p>\n<h4><strong>Development<\/strong><\/h4>\n<p>It was not until 1913, when Axel Fagerholm's children came of age, that the company operations began to take shape. At that time, the majority of his estates and enterprises were managed under one roof as a limited company.<\/p>\n<p>In 1897, the glassworks that had been included in the purchase of Ventzelholm were moved to W\u00e4stervik, and they were later closed down around 1919. The sawmill industry became concentrated in Valln\u00e4s early on. As the town had its own railway station, unloading facilities were good.<\/p>\n<p>After Axel Fagerholm's death in 1930, his children assumed the sole responsibility for the company. Despite difficult times during the 1930s and the unrest of the 1940s, the operations continued successfully.<\/p>\n<p>A new frame saw line was installed in 1956. In 1969, the agricultural activities of the company were discontinued.<\/p>\n<p>Nowadays, Walln\u00e4s AB is a modern sawmill company, with the technology and capacity to satisfy the high demands and expectations. A continually high pace of investment guarantees effective production and a product range with the quality and accessibility belonging to the absolute best on the market.<\/p>\n<p>On 1 January 2019, the subsidiary Walln\u00e4s Timber AB (WTAB) was formed, where the sawmill industry part is operated today.<\/p>\n<p>[\/et_pb_text][\/et_pb_column][\/et_pb_row][\/et_pb_section]<\/p>","protected":false},"excerpt":{"rendered":"<p>Historik och utveckling WALLN\u00c4S AB bildas \u00d6stra delen av Sm\u00e5l\u00e4ndska H\u00f6glandet och Vimmerbydistriktet \u00e4r k\u00e4nda f\u00f6r sin h\u00f6ga virkeskvalitet av s\u00e5v\u00e4l fura som gran. H\u00e4r grundades f\u00f6r mer \u00e4n 120 \u00e5r sedan Walln\u00e4s AB. Bolaget bildades av riksdagsman Axel Fagerholm (se bild till h\u00f6ger) f\u00f6dd 1844 i Vimmerby. \u00c5r 1876 f\u00f6rv\u00e4rvade han Ventzelholms glasbruk med [&hellip;]<\/p>","protected":false},"author":1,"featured_media":0,"parent":16,"menu_order":0,"comment_status":"closed","ping_status":"closed","template":"","meta":{"_et_pb_use_builder":"on","_et_pb_old_content":"","_et_gb_content_width":"","footnotes":""},"class_list":["post-18","page","type-page","status-publish","hentry"],"_links":{"self":[{"href":"https:\/\/wallnas.mathinic.site\/en_us\/wp-json\/wp\/v2\/pages\/18","targetHints":{"allow":["GET"]}}],"collection":[{"href":"https:\/\/wallnas.mathinic.site\/en_us\/wp-json\/wp\/v2\/pages"}],"about":[{"href":"https:\/\/wallnas.mathinic.site\/en_us\/wp-json\/wp\/v2\/types\/page"}],"author":[{"embeddable":true,"href":"https:\/\/wallnas.mathinic.site\/en_us\/wp-json\/wp\/v2\/users\/1"}],"replies":[{"embeddable":true,"href":"https:\/\/wallnas.mathinic.site\/en_us\/wp-json\/wp\/v2\/comments?post=18"}],"version-history":[{"count":4,"href":"https:\/\/wallnas.mathinic.site\/en_us\/wp-json\/wp\/v2\/pages\/18\/revisions"}],"predecessor-version":[{"id":270,"href":"https:\/\/wallnas.mathinic.site\/en_us\/wp-json\/wp\/v2\/pages\/18\/revisions\/270"}],"up":[{"embeddable":true,"href":"https:\/\/wallnas.mathinic.site\/en_us\/wp-json\/wp\/v2\/pages\/16"}],"wp:attachment":[{"href":"https:\/\/wallnas.mathinic.site\/en_us\/wp-json\/wp\/v2\/media?parent=18"}],"curies":[{"name":"wp","href":"https:\/\/api.w.org\/{rel}","templated":true}]}}