{"id":12,"date":"2025-05-15T12:24:28","date_gmt":"2025-05-15T12:24:28","guid":{"rendered":"https:\/\/wallnas.mathinic.site\/?page_id=12"},"modified":"2025-05-15T14:31:12","modified_gmt":"2025-05-15T14:31:12","slug":"salja-skog","status":"publish","type":"page","link":"https:\/\/wallnas.mathinic.site\/en_us\/salja-skog\/","title":{"rendered":"Selling Forest"},"content":{"rendered":"<p>[et_pb_section fb_built=&#8221;1&#8243; _builder_version=&#8221;4.27.4&#8243; _module_preset=&#8221;default&#8221; global_colors_info=&#8221;{}&#8221; theme_builder_area=&#8221;post_content&#8221;][et_pb_row column_structure=&#8221;1_4,3_4&#8243; _builder_version=&#8221;4.27.4&#8243; _module_preset=&#8221;default&#8221; global_colors_info=&#8221;{}&#8221; theme_builder_area=&#8221;post_content&#8221;][et_pb_column type=&#8221;1_4&#8243; _builder_version=&#8221;4.27.4&#8243; _module_preset=&#8221;default&#8221; global_colors_info=&#8221;{}&#8221; theme_builder_area=&#8221;post_content&#8221;][\/et_pb_column][et_pb_column type=&#8221;3_4&#8243; _builder_version=&#8221;4.27.4&#8243; _module_preset=&#8221;default&#8221; global_colors_info=&#8221;{}&#8221; theme_builder_area=&#8221;post_content&#8221;][et_pb_image src=&#8221;https:\/\/wallnas.mathinic.site\/wp-content\/uploads\/2025\/05\/Ravaror_bild.jpg&#8221; _builder_version=&#8221;4.27.4&#8243; _module_preset=&#8221;default&#8221; theme_builder_area=&#8221;post_content&#8221; title_text=&#8221;Ravaror_bild&#8221; hover_enabled=&#8221;0&#8243; sticky_enabled=&#8221;0&#8243;][\/et_pb_image][et_pb_text _builder_version=&#8221;4.27.4&#8243; _module_preset=&#8221;default&#8221; hover_enabled=&#8221;0&#8243; global_colors_info=&#8221;{}&#8221; theme_builder_area=&#8221;post_content&#8221; sticky_enabled=&#8221;0&#8243;]<\/p>\n<h2><strong>Raw materials<\/strong><\/h2>\n<p><img loading=\"lazy\" decoding=\"async\" src=\"https:\/\/wallnas.mathinic.site\/wp-content\/uploads\/2025\/05\/skogsmaskin_wallnas-300x203.jpg\" width=\"385\" height=\"261\" alt=\"\" class=\"wp-image-157 alignright size-medium\" \/>At our sawmill, we specialise in large timber dimensions. Our raw materials base is located in the heart of southern Sweden, an area known for its high-quality pine and spruce.<\/p>\n<p>Approximately 10 per cent of the sawmill's need for raw materials is met by the company's own forests, which provide a buffer to guarantee an even supply of resources.<\/p>\n<p>The remaining resources are purchased elsewhere. The timber distribution is 20 per cent pine and 80 per cent spruce.<\/p>\n<p>A major portion of our raw materials comes from suppliers in the local area. We meticulously choose the raw materials to ensure that our timber products are of a high quality.<\/p>\n<p>[\/et_pb_text][et_pb_text _builder_version=&#8221;4.27.4&#8243; _module_preset=&#8221;default&#8221; theme_builder_area=&#8221;post_content&#8221; hover_enabled=&#8221;0&#8243; sticky_enabled=&#8221;0&#8243;]<\/p>\n<h2><strong>Selling Forest<\/strong><\/h2>\n<p><img loading=\"lazy\" decoding=\"async\" src=\"https:\/\/wallnas.mathinic.site\/wp-content\/uploads\/2025\/05\/Timmer-vaelta-300x225.jpg\" width=\"383\" height=\"287\" alt=\"\" class=\"wp-image-159 alignright size-medium\" \/>We buy both ready and standing timber, carry out logging on commission and also purchase all types of forest materials.<\/p>\n<p>When the time comes for clearcutting, we guarantee a high yield, the right selection, correct marking for cross-cutting and good nature conservation. Skilled contractors using modern machinery guarantee a good result.<\/p>\n<p>Walln\u00e4s Timber is forestry certified PEFC and FSC\u00ae through the organization PanCert AB. <a href=\"https:\/\/pancert.se\/certifikat\/certifikat\/\" target=\"_blank\" rel=\"noopener\">Certifikat &#8211; PanCert<\/a><\/p>\n<p>Would you like to know more about how we can help you with your forest or to request a quotation?<\/p>\n<p>[\/et_pb_text][et_pb_text _builder_version=&#8221;4.27.4&#8243; _module_preset=&#8221;default&#8221; theme_builder_area=&#8221;post_content&#8221; hover_enabled=&#8221;0&#8243; sticky_enabled=&#8221;0&#8243;]<\/p>\n<h2><strong>Raw material purchase<\/strong><\/h2>\n<style id=\"team_pro_dynamic_css171\">#sptp-171 .sptp-main-carousel.swiper-container.center .sp-team-pro-item:not(.swiper-slide-active){opacity:0.5;}#sptp-171 .filters-button-group{justify-content:center;margin:0px 0px 23px 0px;}#sptp-171 .filters-button-group button{color:#5e5e5e;border:2px solid #bbbbbb;border-radius:2px;background-color:#ffffff;}#sptp-171 .filters-button-group button:hover{color:#ffffff;border-color:#559173;background-color:#559173;}#sptp-171 .filters-button-group button.is-checked{color:#ffffff;border-color:#559173;background-color:#559173;}#sptp-171 .filters-button-group button.is-checked:hover{color:#ffffff;background-color:#559173;}#sptp-171 .sptp_select{text-align:center;margin:0px 0px 23px 0px;}.wp-team-pro-preloader{opacity:0;}#sptp-171 .sptp-content-on-image .sptp-content{padding:0px 0px 0px 0px;}#sptp-171 .sptp-content-on-image .caption{}#sptp-171 .border-bg-around-member{border:0px solid #ddd;border-radius:0px;background:transparent;}#sptp-171 .sptp-thumbnail-slider-thumb-section .border-bg-around-member{background:transparent;}#sptp-171 .border-bg-around-member:hover{border-color:#aaa;}#sptp-171 .sptp-icon-on-image:hover .sptp-icon{background:rgba(10,10,10,0.3);}#sptp-171 .sptp-member-avatar-img:hover .sptp-icon{background:rgba(10,10,10,0.3);}#sptp-171 .sptp-icon-on-image .fa{color:#FFFFFF;}#sptp-171 .sptp-icon-on-image .fa:hover{color:#ffffff;}#sptp-171 .sptp-member-avatar-img .fa{color:#FFFFFF;}#sptp-171 .sptp-member-avatar-img .fa:hover{color:#ffffff;}#sptp-171 .sptp-member-avatar-img.sptp-rounded .sptp-overflow-h,#sptp-171 .sptp-member-avatar-img.sptp-rounded,#sptp-171 .sptp-chart-single-item .sptp-member-avatar-img.sptp-rounded img{border-radius:12px;}#sptp-171 .sp-team-pro-item > .sptp-member,#sptp-171 .sp-team-pro-item.sptp-member{box-shadow:none;}#sptp-171 .sp-team-org-chart-container .sp-team-pro-item > .sptp-member{padding:0px 0px 0px 0px;border:0px solid #ddd;border-radius:0px;background:transparent;}#sptp-171 .sp-team-org-chart-container .sp-team-pro-item > .sptp-member:hover{border-color:#aaa;}#sptp-171 .sp-team-org-chart-container .sp-team-pro-item > .sptp-member .sptp-head-title{padding:0px 0px 0px 0px;}#sptp-171 .sp-team-org-chart-container .tree li{padding:24px 12px 0 12px;}#sptp-171 .sp-team-org-chart-container .tree ul{padding-top:24px;}#sptp-171 .sp-team-org-chart-container .tree li:only-child {padding-top:0;}#sptp-171 .sp-team-org-chart-container .tree li::after, #sptp-171 .sp-team-org-chart-container .tree li::before,#sptp-171 .sp-team-org-chart-container .tree ul ul::before{height:24px;}#sptp-171 .sptp-main-carousel .sp-team-pro-item > .sptp-member{margin:0px ;}#sptp-171 .sp-team-pro-item:hover .sptp-member,#sptp-171 .sp-team-pro-item.sptp-member:hover{box-shadow:none;}#sptp-171 .sptp-member-avatar-img .sptp-special-tag span,#sptp-171.popup-open .sptp-special-tag span{color:#fff;background:#35B342;}#sptp-171 .sptp-member-avatar-img .sptp-special-tag.top-ribbon span:before,#sptp-171.popup-open .sptp-special-tag.top-ribbon span:before{border-right-color:#35B342;}#sptp-171 .sptp-member-avatar-img .sptp-special-tag.top-ribbon:is(.left-ribbon,.bottom-left-ribbon) span:before,#sptp-171.popup-open .sptp-special-tag.top-ribbon:is(.left-ribbon,.bottom-left-ribbon) span:before{border-left-color:#35B342;}#sptp-171 .sptp-grid .sptp-row{margin:-12px -12px;}#sptp-171 .sp-team-pro-item .sptp-member{margin:12px 12px;padding:0px 0px 0px 0px;}#sptp-171 .sptp-grid .sptp-content{padding:0px 0px 0px 0px;}#sptp-171 .sptp-grid .sptp-member:is(.sptp-bottom-content,.sptp-top-content) div:is(.sptp-member-name,.sptp-member-profession,.sptp-member-desc,.sptp-member-location,.sptp-member-email,.sptp-member-phone,.sptp-member-mobile,.sptp-member-social,.sptp-member-website,.sptp-member-skill-progress,.sptp-member-experience,.sptp-member-extra-fields){padding:0px 0px 0px 0px;}#sptp-171 .sptp-grid .caption{padding:8px;border-radius:0;}#sptp-171 .sptp-progress-bar{background-color:#559173;height:6px;border-radius:0px;}#sptp-171 .sptp-progress-container{background-color:#c9dfd1;height:6px;border-radius:0px;}#sptp-171 .sptp-top{background-color:#559173;color:#fff;opacity:0;}#sptp-171 .sptp-progress-container:hover .sptp-tooltip .sptp-top,#sptp-171 .sptp-progress-text:hover+.sptp-progress-container .sptp-tooltip .sptp-top{opacity:1;}#sptp-171 .sptp-top:after{border-top-color:#559173;}#sptp-171 .sptp-progress-container .sptp-tooltip{position:relative;}#sptp-171 .sptp-progress-container .sptp-top:before,#sptp-171 .sptp-progress-container .sptp-top:after{position:absolute;}#sptp-171 .sptp-filter-load-more span, #sptp-171 .sptp-post-load-more span,#sptp-171 .sptp-post-pagination .page-numbers, #sptp-171 .sptp-post-pagination a.page-numbers, #sptp-171 .sptp-post-pagination ul li span{color:#5e5e5e;background:#ffffff;border:2px solid#dddddd;border-radius:2;}#sptp-171 .sptp-filter-load-more span:hover, #sptp-171 .sptp-post-load-more span:hover, #sptp-171 .sptp-post-pagination .page-numbers.current, #sptp-171 .sptp-post-pagination a.page-numbers:hover, #sptp-171 .sptp-post-pagination ul li span.current, #sptp-171 .sptp-post-pagination ul li span:hover{color:#ffffff;background:#559173;border-color:#559173;}#sptp-171 .sptp-post-pagination, #sptp-171 .sptp-filter-load-more, #sptp-171 .sptp-post-load-more{text-align:left;}#sptp-171 .team_page_load_status_alignment{display:flex;justify-content:left;}#sptp-171 .sptp-member-social{order:13;text-align:center;}#sptp-171 .sptp-member-social li{margin:0 0 10px 0 ;}#sptp-171 .sptp-member-social li a{border:0;font-size:15px;width:30px;height:30px;}#sptp-171 .sptp-member-social li a:hover{}#sptp-171 .sptp-section-title{margin-bottom:25px;margin-top:0;text-align:center;}#sptp-171 .sptp-section-title span{color:#333333;font-size:24px;line-height:28px;text-transform:capitalize;}#sptp-171 .sptp-member-name{order:2;}#sptp-171:not(.popup-open) .sptp-member-name .sptp-name, #sptp-171:not(.popup-open) .sptp-member-name sptp-name a{font-size:18px;line-height:24px;text-align:center;text-transform:none;margin-top:12px;padding:0px;}#sptp-171 .sptp-member-name .sptp-name, #sptp-171 .sptp-member-name .sptp-name a{color:#333333;}#sptp-171 .sptp-member-profession{order:3;}#sptp-171:not(.popup-open) .sptp-member-profession h4{color:#333333;font-size:15px;line-height:18px;text-align:center;text-transform:none;margin-top:4px;}#sptp-171 .sptp-member-email{order:6;text-align:center;margin-top:0px;margin-bottom:3px;}#sptp-171:not(.popup-open ) .sptp-member-email span{color:#333333;font-size:15px;line-height:20px;text-transform:none;}#sptp-171 .sptp-member-email .fa{color:#333333;font-size:16px;}#sptp-171 .sptp-member-mobile{order:5;text-align:center;margin-top:0px;margin-bottom:3px;}#sptp-171:not(.popup-open ) .sptp-member-mobile span{color:#333333;font-size:15px;line-height:20px;text-transform:none;}#sptp-171 .sptp-member-mobile .fa{color:#333333;font-size:16px;}#sptp-171 .sptp-member-phone{order:4;text-align:center;margin-top:0px;margin-bottom:3px;}#sptp-171:not(.popup-open ) .sptp-member-phone span{color:#333333;font-size:15px;line-height:20px;text-transform:none;}#sptp-171 .sptp-member-phone .fa{color:#333333;font-size:16px;}#sptp-171 .sptp-member-avatar-img-area{padding:0 0 0 0 ;}#sptp-171 .sptp-member-avatar-img{background:#FFFFFF;padding:0 0 0 0 ;box-shadow:none;border:0px solid #ddd;}#sptp-171 .sptp-member.sptp-content-on-image.overlay_on_image .sptp-content{height:calc(100% - 0px * 2);width:calc(100% - 0px * 2);top:calc(0px * 2 \/ 2);left:calc(0px * 2 \/ 2);}#sptp-171.bottom-corner-content .sptp-member.sptp-content-on-image.overlay_on_image .sptp-content.bottom.lower,#sptp-171.bottom-corner-content .sptp-member.sptp-content-on-image.overlay_on_image .sptp-content.top.lower,#sptp-171.bottom-corner-content .sptp-member.sptp-content-on-image.overlay_on_image .sptp-content.middle.lower{width:auto;}#sptp-171.bottom-corner-content .sptp-member.sptp-content-on-image.overlay_on_image .sptp-content.middle.lower{top:50%;}#sptp-171.bottom-carved-content .sptp-member.sptp-content-on-image.overlay_on_image .sptp-content.lower{height:auto;top:auto;bottom:0px;}#sptp-171 .sptp-member-avatar-img:hover{border-color:#ddd;}#sptp-171 .sptp-member-avatar-img img{-webkit-filter:grayscale(0);filter:grayscale(0);}#sptp-171 .sptp-member-avatar-img:hover img{-webkit-filter:grayscale(0);filter:grayscale(0);}#sptp-171 .sptp-member-avatar{order:1;}@media only screen and (min-width: 320px) { .sptp-row .sptp-col-xs-1 { -webkit-box-flex: 0; -ms-flex: 0 0 100%; flex: 0 0 100%; max-width: 100%; } .sptp-row .sptp-col-xs-2 { -webkit-box-flex: 0; -ms-flex: 0 0 50%; flex: 0 0 50%; max-width: 50%; } .sptp-row .sptp-col-xs-3 { -webkit-box-flex: 0; -ms-flex: 0 0 33.2222%; flex: 0 0 33.2222%; max-width: 33.222%; } .sptp-row .sptp-col-xs-4 { -webkit-box-flex: 0; -ms-flex: 0 0 25%; flex: 0 0 25%; max-width: 25%; } .sptp-row .sptp-col-xs-5 { -webkit-box-flex: 0; -ms-flex: 0 0 20%; flex: 0 0 20%; max-width: 20%; } .sptp-row .sptp-col-xs-6 { -webkit-box-flex: 0; -ms-flex: 0 0 16.6666%; flex: 0 0 16.66666%; max-width: 16.66666%; } .sptp-row .sptp-col-xs-7 { -webkit-box-flex: 0; -ms-flex: 0 0 14.28571428%; flex: 0 0 14.28571428%; max-width: 14.28571428%; } .sptp-row .sptp-col-xs-8 { -webkit-box-flex: 0; -ms-flex: 0 0 12.5%; flex: 0 0 12.5%; max-width: 12.5%; } .sp-wp-team-pro-wrapper .pagination_hide_on_mobile, .sp-wp-team-pro-wrapper div:is(.sptp-button-next,.sptp-button-prev).nev_hide_on_mobile { display: none; } .sp-wp-team-pro-wrapper .swiper-container.sptp-main-carousel.vertically-center-outer { margin: 0 35px; } .sptp-main-carousel .sptp-button-next.vertically-center-outer{ right : 0 !important; } .sptp-main-carousel .sptp-button-prev.vertically-center-outer{ left : 0 !important; } }@media only screen and (min-width: 768px) { .sptp-row .sptp-col-sm-1 { -webkit-box-flex: 0; -ms-flex: 0 0 100%; flex: 0 0 100%; max-width: 100%; } .sptp-row .sptp-col-sm-2 { -webkit-box-flex: 0; -ms-flex: 0 0 50%; flex: 0 0 50%; max-width: 50%; } .sptp-row .sptp-col-sm-3 { -webkit-box-flex: 0; -ms-flex: 0 0 33.333%; flex: 0 0 33.333%; max-width: 33.333%; } .sptp-row .sptp-col-sm-4 { -webkit-box-flex: 0; -ms-flex: 0 0 25%; flex: 0 0 25%; max-width: 25%; } .sptp-row .sptp-col-sm-5 { -webkit-box-flex: 0; -ms-flex: 0 0 20%; flex: 0 0 20%; max-width: 20%; } .sptp-row .sptp-col-sm-6 { -webkit-box-flex: 0; -ms-flex: 0 0 16.6667%; flex: 0 0 16.6667%; max-width: 16.6667%; } .sptp-row .sptp-col-sm-7 { -webkit-box-flex: 0; -ms-flex: 0 0 14.28571428%; flex: 0 0 14.28571428%; max-width: 14.28571428%; } .sptp-row .sptp-col-sm-8 { -webkit-box-flex: 0; -ms-flex: 0 0 12.5%; flex: 0 0 12.5%; max-width: 12.5%; } .sp-wp-team-pro-wrapper .pagination_hide_on_mobile, .sp-wp-team-pro-wrapper div:is(.sptp-button-next,.sptp-button-prev).nev_hide_on_mobile { display: block; } }@media only screen and (min-width: 1024px) { .sptp-row .sptp-col-md-1 { -webkit-box-flex: 0; -ms-flex: 0 0 100%; flex: 0 0 100%; max-width: 100%; } .sptp-row .sptp-col-md-2 { -webkit-box-flex: 0; -ms-flex: 0 0 50%; flex: 0 0 50%; max-width: 50%; } .sptp-row .sptp-col-md-2-half { -webkit-box-flex: 0; -ms-flex: 0 0 70%; flex: 0 0 70%; max-width: 70%; } .sptp-row .style-top.sptp-col-md-2-half { -webkit-box-flex: 0; -ms-flex: 0 0 100%; flex: 0 0 100%; max-width: 100%; } .sptp-row .sptp-col-md-3 { -webkit-box-flex: 0; -ms-flex: 0 0 33.22222222%; flex: 0 0 33.22222222%; max-width: 33.22222222%; } .sptp-row .sptp-col-md-4 { -webkit-box-flex: 0; -ms-flex: 0 0 25%; flex: 0 0 25%; max-width: 25%; } .sptp-row .style-top.sptp-col-md-4 { -webkit-box-flex: 0; -ms-flex: 0 0 100%; flex: 0 0 100%; max-width: 100%; } .sptp-row .sptp-col-md-5 { -webkit-box-flex: 0; -ms-flex: 0 0 20%; flex: 0 0 20%; max-width: 20%; } .sptp-row .sptp-col-md-6 { -webkit-box-flex: 0; -ms-flex: 0 0 16.6667%; flex: 0 0 16.6667%; max-width: 16.6667%; } .sptp-row .sptp-col-md-7 { -webkit-box-flex: 0; -ms-flex: 0 0 14.28571428%; flex: 0 0 14.28571428%; max-width: 14.28571428%; } .sptp-row .sptp-col-md-8 { -webkit-box-flex: 0; -ms-flex: 0 0 12.5%; flex: 0 0 12.5%; max-width: 12.5%; } .sp-wp-team-pro-wrapper .pagination_hide_on_mobile, .sp-wp-team-pro-wrapper div:is(.sptp-button-next,.sptp-button-prev).nev_hide_on_mobile { display: block; } }@media only screen and (min-width: 1200px) { .sptp-row .sptp-col-lg-1 { -webkit-box-flex: 0; -ms-flex: 0 0 100%; flex: 0 0 100%; max-width: 100%; } .sptp-row .sptp-col-lg-2 { -webkit-box-flex: 0; -ms-flex: 0 0 50%; flex: 0 0 50%; max-width: 50%; } .sptp-row .sptp-col-lg-3 { -webkit-box-flex: 0; -ms-flex: 0 0 33.22222222%; flex: 0 0 33.22222222%; max-width: 33.22222222%; } .sptp-row .sptp-col-lg-4 { -webkit-box-flex: 0; -ms-flex: 0 0 25%; flex: 0 0 25%; max-width: 25%; } .sptp-row .sptp-col-lg-5 { -webkit-box-flex: 0; -ms-flex: 0 0 20%; flex: 0 0 20%; max-width: 20%; } .sptp-row .sptp-col-lg-6 { -webkit-box-flex: 0; -ms-flex: 0 0 16.6667%; flex: 0 0 16.6667%; max-width: 16.6667%; } .sptp-row .sptp-col-lg-7 { -webkit-box-flex: 0; -ms-flex: 0 0 14.28571428%; flex: 0 0 14.28571428%; max-width: 14.28571428%; } .sptp-row .sptp-col-lg-8 { -webkit-box-flex: 0; -ms-flex: 0 0 12.5%; flex: 0 0 12.5%; max-width: 12.5%; } .sp-wp-team-pro-wrapper .pagination_hide_on_mobile, .sp-wp-team-pro-wrapper div:is(.sptp-button-next,.sptp-button-prev).nev_hide_on_mobile { display: block; } .sptp-mosaic .sptp-col-lg-1.sptp-member:nth-child(2n) .sptp-member-avatar, .sptp-mosaic .sptp-col-lg-2.sptp-member:nth-child(4n) .sptp-member-avatar, .sptp-mosaic .sptp-col-lg-2.sptp-member:nth-child(4n-1) .sptp-member-avatar, .sptp-mosaic .sptp-col-lg-3.sptp-member:nth-child(6n) .sptp-member-avatar, .sptp-mosaic .sptp-col-lg-3.sptp-member:nth-child(6n-1) .sptp-member-avatar, .sptp-mosaic .sptp-col-lg-3.sptp-member:nth-child(6n-2) .sptp-member-avatar, .sptp-mosaic .sptp-col-lg-4.sptp-member:nth-child(8n) .sptp-member-avatar, .sptp-mosaic .sptp-col-lg-4.sptp-member:nth-child(8n-1) .sptp-member-avatar, .sptp-mosaic .sptp-col-lg-4.sptp-member:nth-child(8n-2) .sptp-member-avatar, .sptp-mosaic .sptp-col-lg-4.sptp-member:nth-child(8n-3) .sptp-member-avatar { -webkit-box-ordinal-group: 2 !important; -ms-flex-order: 1 !important; order: 1 !important; } .sptp-mosaic .sptp-col-lg-1.sptp-member:nth-child(2n) .sptp-arrow, .sptp-mosaic .sptp-col-lg-2.sptp-member:nth-child(4n) .sptp-arrow, .sptp-mosaic .sptp-col-lg-2.sptp-member:nth-child(4n-1) .sptp-arrow, .sptp-mosaic .sptp-col-lg-3.sptp-member:nth-child(6n) .sptp-arrow, .sptp-mosaic .sptp-col-lg-3.sptp-member:nth-child(6n-1) .sptp-arrow, .sptp-mosaic .sptp-col-lg-3.sptp-member:nth-child(6n-2) .sptp-arrow, .sptp-mosaic .sptp-col-lg-4.sptp-member:nth-child(8n) .sptp-arrow, .sptp-mosaic .sptp-col-lg-4.sptp-member:nth-child(8n-1) .sptp-arrow, .sptp-mosaic .sptp-col-lg-4.sptp-member:nth-child(8n-2) .sptp-arrow, .sptp-mosaic .sptp-col-lg-4.sptp-member:nth-child(8n-3) .sptp-arrow { left: auto; right: -20px; border-left-width: 20px; border-right-width: 0; } }<\/style><div class=\"sp-wp-team-pro-wrapper wp-team-pro-preloader\" > <div id=\"sptp-171\" class=\"sp-team-pro sptp-section sptp- pagination_number sptp-even\" > <div class=\"sp-team-pro-page-loading-image\"><\/div> <h2 class=\"sptp-section-title\"> <span>Raw materials purchaser<\/span> <\/h2> <div class=\"sptp-grid\"> <div class=\"sptp-row\"> <div class=\"sp-team-pro-item sptp-col-lg-4 sptp-col-md-3 sptp-col-sm-2 sptp-col-xs-1\" data-member=\"167\"> <div class=\"sptp-member border-bg-around-member sptp-bottom-content sptp-square\"> <div class=\"sptp-member-avatar sptp-popup-trigger\" > <div class=\"sptp-member-avatar-img-area\" data-id=\"167\"> <div class=\"sptp-member-avatar-img sptp-square sptp-icon-on-image sptp_zoom_in\"> <div class=\"sptp-overflow-h\"> <img loading=\"lazy\" decoding=\"async\" class=\"sptp_default_img\" src=\"https:\/\/wallnas.mathinic.site\/wp-content\/uploads\/2025\/05\/Carl-Johan-Ormander.jpg\" alt=\"Carl-Johan \u00d6rmander\" width=\"182\" height=\"186\"> <\/div> <\/div> <\/div> <\/div> <div class=\"sptp-member-name\"> <h2 class=\"sptp-name\">Carl-Johan \u00d6rmander<\/h2><\/div> <div class=\"sptp-member-profession\"> <h4 class=\"sptp-profession-text\">Raw materials purchaser<\/h4> <\/div> <div class=\"sptp-member-email\"> <a href=\"mailto:carl-johan.ormander@wallnas.se\" class=\"\"> <span>carl-johan.ormander@wallnas.se<\/span> <\/a> <\/div> <div class=\"sptp-member-phone\"> <a href=\"tel:+46 (0)496-508 09\" class=\"\" > <span>+46 (0)496-508 09<\/span> <\/a> <\/div> <div class=\"sptp-member-mobile\"> <a href=\"tel:+46 (0)70-604 83 65\" class=\"\"> <span>+46 (0)70-604 83 65<\/span> <\/a> <\/div> <\/div> <\/div> <div class=\"sp-team-pro-item sptp-col-lg-4 sptp-col-md-3 sptp-col-sm-2 sptp-col-xs-1\" data-member=\"169\"> <div class=\"sptp-member border-bg-around-member sptp-bottom-content sptp-square\"> <div class=\"sptp-member-avatar sptp-popup-trigger\" > <div class=\"sptp-member-avatar-img-area\" data-id=\"169\"> <div class=\"sptp-member-avatar-img sptp-square sptp-icon-on-image sptp_zoom_in\"> <div class=\"sptp-overflow-h\"> <img loading=\"lazy\" decoding=\"async\" class=\"sptp_default_img\" src=\"https:\/\/wallnas.mathinic.site\/wp-content\/uploads\/2025\/05\/Par-Anders-Olofsson.jpg\" alt=\"Per-Anders Olofsson\" width=\"182\" height=\"186\"> <\/div> <\/div> <\/div> <\/div> <div class=\"sptp-member-name\"> <h2 class=\"sptp-name\">Per-Anders Olofsson<\/h2><\/div> <div class=\"sptp-member-profession\"> <h4 class=\"sptp-profession-text\">Raw materials purchaser<\/h4> <\/div> <div class=\"sptp-member-email\"> <a href=\"mailto:per-anders.olofsson@wallnas.se\" class=\"\"> <span>per-anders.olofsson@wallnas.se<\/span> <\/a> <\/div> <div class=\"sptp-member-phone\"> <a href=\"tel:+46 (0)496-742 021\" class=\"\" > <span>+46 (0)496-742 021<\/span> <\/a> <\/div> <div class=\"sptp-member-mobile\"> <a href=\"tel:+46 (0)70-307 79 55\" class=\"\"> <span>+46 (0)70-307 79 55<\/span> <\/a> <\/div> <\/div> <\/div> <\/div> <\/div> <div class=\"sptp-post-pagination\"> <\/div> <\/div> <\/div> \n<p>[\/et_pb_text][et_pb_text _builder_version=&#8221;4.27.4&#8243; _module_preset=&#8221;default&#8221; theme_builder_area=&#8221;post_content&#8221; hover_enabled=&#8221;0&#8243; sticky_enabled=&#8221;0&#8243;]<\/p>\n<h3><strong>Additional services<\/strong><\/h3>\n<p>We also offer forestry advice, and our capable certified contractors can handle all sorts of tasks, such as:<\/p>\n<ul>\n<li>Forest planning<\/li>\n<li>Planting<\/li>\n<li>Clearing<\/li>\n<li>Thinning<\/li>\n<li>Clearcutting<\/li>\n<\/ul>\n<p><em>Everything according to your wishes.<\/em><\/p>\n<p>[\/et_pb_text][\/et_pb_column][\/et_pb_row][\/et_pb_section]<\/p>","protected":false},"excerpt":{"rendered":"<p>R\u00e5vara Vi \u00e4r med v\u00e5rt s\u00e5gverk specialiserade p\u00e5 grova virkesdimensioner. V\u00e5r r\u00e5varubas ligger mitt i Sydsveriges kvalitetsomr\u00e5de med erk\u00e4nt god kvalitet p\u00e5 s\u00e5v\u00e4l tall som gran. Av s\u00e5gverkets r\u00e5varubehov tas ca 10 procent fr\u00e5n bolagets egna skogar som fungerar som buffert f\u00f6r att s\u00e4kerst\u00e4lla en j\u00e4mn r\u00e5varuf\u00f6rs\u00f6rjning. Resterande r\u00e5varubehov k\u00f6ps in. Tr\u00e4dslagsf\u00f6rdelningen \u00e4r 20 procent [&hellip;]<\/p>","protected":false},"author":1,"featured_media":0,"parent":0,"menu_order":0,"comment_status":"closed","ping_status":"closed","template":"","meta":{"_et_pb_use_builder":"on","_et_pb_old_content":"","_et_gb_content_width":"","footnotes":""},"class_list":["post-12","page","type-page","status-publish","hentry"],"_links":{"self":[{"href":"https:\/\/wallnas.mathinic.site\/en_us\/wp-json\/wp\/v2\/pages\/12","targetHints":{"allow":["GET"]}}],"collection":[{"href":"https:\/\/wallnas.mathinic.site\/en_us\/wp-json\/wp\/v2\/pages"}],"about":[{"href":"https:\/\/wallnas.mathinic.site\/en_us\/wp-json\/wp\/v2\/types\/page"}],"author":[{"embeddable":true,"href":"https:\/\/wallnas.mathinic.site\/en_us\/wp-json\/wp\/v2\/users\/1"}],"replies":[{"embeddable":true,"href":"https:\/\/wallnas.mathinic.site\/en_us\/wp-json\/wp\/v2\/comments?post=12"}],"version-history":[{"count":6,"href":"https:\/\/wallnas.mathinic.site\/en_us\/wp-json\/wp\/v2\/pages\/12\/revisions"}],"predecessor-version":[{"id":172,"href":"https:\/\/wallnas.mathinic.site\/en_us\/wp-json\/wp\/v2\/pages\/12\/revisions\/172"}],"wp:attachment":[{"href":"https:\/\/wallnas.mathinic.site\/en_us\/wp-json\/wp\/v2\/media?parent=12"}],"curies":[{"name":"wp","href":"https:\/\/api.w.org\/{rel}","templated":true}]}}